{"id":19,"date":"2010-09-28T07:39:06","date_gmt":"2010-08-29T18:18:06","guid":{"rendered":"http:\/\/www.dataprivacy.hu"},"modified":"2020-10-26T08:09:16","modified_gmt":"2020-10-26T07:09:16","slug":"rolunk","status":"publish","type":"page","link":"https:\/\/www.dataprivacy.hu\/?page_id=19","title":{"rendered":"R\u00f3lunk"},"content":{"rendered":"\n<div class=\"wp-block-group\"><div class=\"wp-block-group__inner-container\">\n<p style=\"text-align: justify;\">A <strong>DataPrivacy.hu<\/strong> egy tematikus blog, ami a szem\u00e9lyes adatok v\u00e9delm\u00e9vel, az adatv\u00e9delem eur\u00f3pai \u00e9s hazai fejlem\u00e9nyeivel foglalkozik.<\/p>\n<p style=\"text-align: justify;\"><strong>A szerkeszt\u0151k<\/strong><\/p>\n<p style=\"text-align: justify;\"><a href=\"http:\/\/www.linkedin.com\/in\/adam-liber\">Dr. Liber \u00c1d\u00e1m, LL.M. (SULS), FIP, CIPP\/E \u00e9s CIPM <\/a> adatv\u00e9delmi program-menedzsment min\u0151s\u00edt\u00e9ssel, illet\u0151leg fels\u0151fok\u00fa iparjogv\u00e9delmi szakk\u00e9pes\u00edt\u00e9ssel rendelkez\u0151 \u00fcgyv\u00e9d, versenyjogi szakjog\u00e1sz, a Budapesti \u00dcgyv\u00e9di Kamara tagja. \u00dcgyv\u00e9di tev\u00e9kenys\u00e9ge k\u00fcl\u00f6n\u00f6sen az adatv\u00e9delem, informatikai jog, iparjogv\u00e9delem \u00e9s a tisztess\u00e9gtelen verseny elleni jog ter\u00fclet\u00e9re terjed ki. Jogi tanulm\u00e1nyait az E\u00f6tv\u00f6s Lor\u00e1nd Tudom\u00e1nyegyetem jogi kar\u00e1n v\u00e9gezte, illet\u0151leg a Lipcsei Egyetemen n\u00e9met nyelv\u0171 r\u00e9sztanulm\u00e1nyokat folytatott. A bostoni Suffolk University Law School posztgradu\u00e1lis k\u00e9pz\u00e9s\u00e9n szerzett US LLM fokozatot. Liber \u00c1d\u00e1m sz\u00e1mos adatv\u00e9delmi t\u00e1rgy\u00fa publik\u00e1ci\u00f3 szerz\u0151je, illet\u0151leg a Magyar Versenyjogi Egyes\u00fclet vezet\u0151s\u00e9gi tagja \u00e9s f\u0151titk\u00e1ra. Angolul \u00e9s n\u00e9met\u00fcl is foly\u00e9konyan besz\u00e9l.<\/p>\n<p style=\"text-align: justify;\"><a href=\"https:\/\/hu.linkedin.com\/pub\/tamas-bereczki\/39\/847\/139\">Dr. Bereczki Tam\u00e1s, CISM, CRISC CIPP\/E <\/a> adatv\u00e9delmi \u00e9s inform\u00e1ci\u00f3biztons\u00e1gi min\u0151s\u00edt\u00e9sekkel rendelkez\u0151 \u00fcgyv\u00e9d, a Budapesti \u00dcgyv\u00e9di Kamara tagja. Jogi diplom\u00e1j\u00e1t az E\u00f6tv\u00f6s Lor\u00e1nd Tudom\u00e1nyegyetem jogi kar\u00e1n szerezte, majd az \u00d3budai Egyetem Neumann J\u00e1nos Informatikai Kar\u00e1n m\u00e9rn\u00f6k informatikusk\u00e9nt v\u00e9gzett. Kor\u00e1bban hazai \u00e9s glob\u00e1lis p\u00e9nzint\u00e9zetekn\u00e9l, illetve egy Big4 tan\u00e1csad\u00f3 c\u00e9gn\u00e9l inform\u00e1ci\u00f3 biztons\u00e1gi \u00e9s adatv\u00e9delmi ter\u00fcleten dolgozott. Foly\u00e9konyan besz\u00e9l angolul.<\/p>\n<\/div><\/div>\n","protected":false},"excerpt":{"rendered":"","protected":false},"author":2,"featured_media":0,"parent":0,"menu_order":1,"comment_status":"closed","ping_status":"closed","template":"","meta":[],"_links":{"self":[{"href":"https:\/\/www.dataprivacy.hu\/index.php?rest_route=\/wp\/v2\/pages\/19"}],"collection":[{"href":"https:\/\/www.dataprivacy.hu\/index.php?rest_route=\/wp\/v2\/pages"}],"about":[{"href":"https:\/\/www.dataprivacy.hu\/index.php?rest_route=\/wp\/v2\/types\/page"}],"author":[{"embeddable":true,"href":"https:\/\/www.dataprivacy.hu\/index.php?rest_route=\/wp\/v2\/users\/2"}],"replies":[{"embeddable":true,"href":"https:\/\/www.dataprivacy.hu\/index.php?rest_route=%2Fwp%2Fv2%2Fcomments&post=19"}],"version-history":[{"count":110,"href":"https:\/\/www.dataprivacy.hu\/index.php?rest_route=\/wp\/v2\/pages\/19\/revisions"}],"predecessor-version":[{"id":1871,"href":"https:\/\/www.dataprivacy.hu\/index.php?rest_route=\/wp\/v2\/pages\/19\/revisions\/1871"}],"wp:attachment":[{"href":"https:\/\/www.dataprivacy.hu\/index.php?rest_route=%2Fwp%2Fv2%2Fmedia&parent=19"}],"curies":[{"name":"wp","href":"https:\/\/api.w.org\/{rel}","templated":true}]}}