{"id":1678,"date":"2018-09-02T08:57:15","date_gmt":"2018-09-02T06:57:15","guid":{"rendered":"https:\/\/www.dataprivacy.hu\/?page_id=1678"},"modified":"2018-09-23T20:24:21","modified_gmt":"2018-09-23T18:24:21","slug":"szolgaltatasaink","status":"publish","type":"page","link":"https:\/\/www.dataprivacy.hu\/?page_id=1678","title":{"rendered":"Szolg\u00e1ltat\u00e1saink"},"content":{"rendered":"<p>Teljes k\u00f6r\u0171 adatv\u00e9delmi, inform\u00e1ci\u00f3biztons\u00e1gi \u00e9s cybersecurity tan\u00e1csad\u00e1si szolg\u00e1ltat\u00e1sokat ny\u00fajtunk magyar, angol \u00e9s n\u00e9met nyelven, k\u00fcl\u00f6n\u00f6sen:<\/p>\n<ul>\n<h3><strong>\u00c1ltal\u00e1nos adatv\u00e9delmi tan\u00e1csad\u00e1s<\/strong><\/h3>\n<ul>\n<li style=\"list-style-type: none\">\n<ul>\n<li>\u00c1ltal\u00e1nos adatv\u00e9delmi tan\u00e1csad\u00e1s, az adatv\u00e9delmi tisztvisel\u0151 munk\u00e1j\u00e1nak t\u00e1mogat\u00e1sa<\/li>\n<li>Adatv\u00e9delmi \u00e9s inform\u00e1ci\u00f3biztons\u00e1gi ir\u00e1ny\u00edt\u00e1si keretrendszer felm\u00e9r\u00e9se, kialak\u00edt\u00e1sa \u00e9s naprak\u00e9szen tart\u00e1sa, a kapcsol\u00f3d\u00f3 szervezeti funkci\u00f3k kialak\u00edt\u00e1sa<\/li>\n<li>Adatv\u00e9delmi \u00e9s inform\u00e1ci\u00f3biztons\u00e1gi szab\u00e1lyzatok kialak\u00edt\u00e1sa glob\u00e1lis multinacion\u00e1lis c\u00e9gekt\u0151l a start-upokig<\/li>\n<li>Adatmeg\u0151rz\u00e9si id\u0151k felm\u00e9r\u00e9se , iratt\u00e1ri- \u00e9s selejtezi terv elk\u00e9sz\u00edt\u00e9se<\/li>\n<li>Adatkezel\u00e9si tev\u00e9kenys\u00e9gek nyilv\u00e1ntart\u00e1s\u00e1nak kialak\u00edt\u00e1sa \u00e9s friss\u00edt\u00e9se (adatkezel\u0151k \u00e9s adatfeldolgoz\u00f3k r\u00e9sz\u00e9re)<\/li>\n<\/ul>\n<\/ul>\n<p>&nbsp;<\/li>\n<h3>Adatv\u00e9delem \u00e9s weboldalak, mobilalkalmaz\u00e1sok<\/h3>\n<ul>\n<li style=\"list-style-type: none\">\n<ul>\n<li>Adatv\u00e9delmi t\u00e1j\u00e9koztat\u00f3k elk\u00e9sz\u00edt\u00e9se<\/li>\n<li>S\u00fcti auditok v\u00e9grehajt\u00e1sa, s\u00fcti t\u00e1j\u00e9koztat\u00f3k ls szab\u00e1lyzatok elk\u00e9sz\u00edt\u00e9se<\/li>\n<li>Adatalanyi jogosults\u00e1gokkal kapcsolatos t\u00e1mogat\u00e1s, tan\u00e1csad\u00e1s<\/li>\n<li>ePrivacy tan\u00e1csad\u00e1s<\/li>\n<li>Domain tan\u00e1csad\u00e1s, take down notice-ok k\u00e9sz\u00edt\u00e9se<\/li>\n<\/ul>\n<\/ul>\n<p>&nbsp;<\/li>\n<h3>Marketing, EDM tan\u00e1csad\u00e1s<\/h3>\n<ul>\n<li style=\"list-style-type: none\">\n<ul>\n<li>Marketing tan\u00e1csad\u00e1s, marketing kamp\u00e1nyok, rekl\u00e1m\u00fcgyn\u00f6ks\u00e9gi szerz\u0151d\u00e9sek elk\u00e9sz\u00edt\u00e9se, v\u00e9lem\u00e9nyez\u00e9se<\/li>\n<li>CRM \u00e9s\u00a0kapcsolat-adatb\u00e1zisok \u00e9rt\u00e9kel\u00e9se \u00e9s valid\u00e1l\u00e1sa<\/li>\n<li>Consent management megold\u00e1sokkal kapcsolatos tan\u00e1csad\u00e1s,<\/li>\n<\/ul>\n<\/ul>\n<p>&nbsp;<\/li>\n<h3>Adatv\u00e9delmi kock\u00e1zatmenedzsment<\/h3>\n<ul>\n<li style=\"list-style-type: none\">\n<ul>\n<li>Adatv\u00e9delmi kock\u00e1zatmenedzsment, m\u00f3dszertan \u00e9s mutat\u00f3sz\u00e1mok (KPI\/KRI) kialak\u00edt\u00e1sa, \u00e9rt\u00e9kel\u00e9se<\/li>\n<li>Adatv\u00e9delmi adatv\u00e9delmi hat\u00e1svizsg\u00e1latok elv\u00e9gz\u00e9se<\/li>\n<\/ul>\n<\/ul>\n<p>&nbsp;<\/li>\n<h3>Adatbiztons\u00e1ggal, inform\u00e1ci\u00f3biztons\u00e1ggal kapcsolatos tan\u00e1csad\u00e1s<\/h3>\n<ul>\n<li style=\"list-style-type: none\">\n<ul>\n<li>Be\u00e9p\u00edtett \u00e9s alap\u00e9rtelmezett adatv\u00e9delem k\u00f6vetelm\u00e9nyeinek val\u00f3 megfelel\u00e9ssel kapcsolatos tan\u00e1csad\u00e1s<\/li>\n<li>Jogosults\u00e1gkezel\u00e9ssel, napl\u00f3z\u00e1ssal, napl\u00f3elemz\u00e9ssel kapcsolatos tan\u00e1csad\u00e1s<\/li>\n<li>Szervez\u00e9si, fizikai \u00e9s logikai kontrollok felm\u00e9r\u00e9se, hat\u00e9konys\u00e1guk \u00e9s megfelel\u0151s\u00e9g\u00fck \u00e9rt\u00e9kel\u00e9se<\/li>\n<li>Anonimiz\u00e1l\u00e1ssal, pszeudonimiz\u00e1l\u00e1ssal kapcsolatos tan\u00e1csad\u00e1s<\/li>\n<li>Adatv\u00e9delmi technol\u00f3gi\u00e1k, megold\u00e1sok implement\u00e1l\u00e1s\u00e1hoz \u00fczleti ig\u00e9nyek felm\u00e9r\u00e9se, \u00fczleti konzult\u00e1ci\u00f3, funkcion\u00e1lis \u00e9s \u00fczleti k\u00f6vetelm\u00e9nyek \u00f6ssze\u00e1ll\u00edt\u00e1sa<\/li>\n<li>Adatv\u00e9delmi kontrollok tervez\u00e9se webshopok, web- \u00e9s mobilalkalmaz\u00e1sok, egy\u00e9b szoftverek r\u00e9sz\u00e9re<\/li>\n<li>Szervez\u00e9si \u00e9s technikai adatv\u00e9delmi kontrollok tervez\u00e9se \u00e9s \u00e9rt\u00e9kel\u00e9se<\/li>\n<\/ul>\n<\/ul>\n<p>&nbsp;<\/li>\n<h3>Adatv\u00e9delmi auditok v\u00e9grehajt\u00e1sa<\/h3>\n<ul>\n<li style=\"list-style-type: none\">\n<ul>\n<li>Szolg\u00e1ltat\u00f3k, partnerekkel kapcsolatos adatv\u00e9delmi auditok \u00e9s kock\u00e1zatelemz\u00e9sek elk\u00e9sz\u00edt\u00e9se, v\u00e9grehajt\u00e1sa<\/li>\n<li>Kiszervez\u00e9sekkel kapcsolatos tan\u00e1csad\u00e1s<\/li>\n<li>Adatv\u00e9delmi min\u0151s\u00edt\u00e9sre val\u00f3 felk\u00e9sz\u00edt\u00e9s, el\u0151zetes audit<\/li>\n<li>Adatv\u00e9delmi projektek min\u0151s\u00e9g-ellen\u0151rz\u00e9se<\/li>\n<\/ul>\n<\/ul>\n<p>&nbsp;<\/li>\n<h3>Adatv\u00e9delmi \u00e1tvil\u00e1g\u00edt\u00e1sok<\/h3>\n<ul>\n<li style=\"list-style-type: none\">\n<ul>\n<li>M&amp;A \u00fcgyletek adatv\u00e9delmi, inform\u00e1ci\u00f3biztons\u00e1gi \u00e9s IT t\u00e1mogat\u00e1sa, \u00e1tvil\u00e1g\u00edt\u00e1sok elk\u00e9sz\u00edt\u00e9se<\/li>\n<\/ul>\n<\/ul>\n<p>&nbsp;<\/li>\n<h3>Adatv\u00e9delmi incidenskezel\u00e9si tan\u00e1csad\u00e1s<\/h3>\n<ul>\n<li style=\"list-style-type: none\">\n<ul>\n<li>Adatv\u00e9delmi incidenskezel\u00e9si folyamatok felm\u00e9r\u00e9se, kialak\u00edt\u00e1sa, fejleszt\u00e9se<\/li>\n<li>Adatv\u00e9delmi incidenskezel\u00e9si tev\u00e9kenys\u00e9gek t\u00e1mogat\u00e1sa, incidensek \u00e9rt\u00e9kel\u00e9se, bejelent\u00e9sek \u00e9s kommunik\u00e1ci\u00f3 megfogalmaz\u00e1sa<\/li>\n<li>Adatv\u00e9delmi incidensek felder\u00edt\u00e9s\u00e9vel kapcsolatos tan\u00e1csad\u00e1s, forensic tan\u00e1csad\u00e1s<\/li>\n<\/ul>\n<\/ul>\n<p>&nbsp;<\/li>\n<h3>Nemzetk\u00f6zi adattov\u00e1bb\u00edt\u00e1sok, adatfeldolgoz\u00f3i, adattov\u00e1bb\u00edt\u00e1si szerz\u0151d\u00e9sek<\/h3>\n<ul>\n<li style=\"list-style-type: none\">\n<ul>\n<li>Adatfeldolgoz\u00f3i \u00e9s adattov\u00e1bb\u00edt\u00e1si szerz\u0151d\u00e9sek, k\u00f6z\u00f6s adatkezel\u0151i meg\u00e1llapod\u00e1sok, SLA-k elk\u00e9sz\u00edt\u00e9se<\/li>\n<li>Nemzetk\u00f6zi adattov\u00e1bb\u00edt\u00e1si szerz\u0151d\u00e9sek, Binding Corporate Rules, hat\u00f3s\u00e1g \u00e1ltal j\u00f3v\u00e1hagyott adatfeldolgoz\u00f3i szerz\u0151d\u00e9sek, Magatart\u00e1si K\u00f3dexek \u00e9s \u00c1ltal\u00e1nos Szerz\u0151d\u00e9si Felt\u00e9telek kialak\u00edt\u00e1sa \u00e9s elk\u00e9sz\u00edt\u00e9se<\/li>\n<\/ul>\n<\/ul>\n<p>&nbsp;<\/li>\n<h3>Adatv\u00e9delmi oktat\u00e1sok<\/h3>\n<ul>\n<li style=\"list-style-type: none\">\n<ul>\n<li>Adatv\u00e9delmi \u00e9s inform\u00e1ci\u00f3biztons\u00e1gi oktat\u00e1sok tart\u00e1sa<\/li>\n<li>El\u0151ad\u00e1sok tart\u00e1sa<\/li>\n<\/ul>\n<\/ul>\n<p>&nbsp;<\/li>\n<h3>Hat\u00f3s\u00e1g \u00e9s b\u00edr\u00f3s\u00e1g el\u0151tti k\u00e9pviselet ell\u00e1t\u00e1sa<\/h3>\n<ul>\n<li style=\"list-style-type: none\">\n<ul>\n<li>NAIH el\u0151tti k\u00e9pviselet ell\u00e1t\u00e1sa, konzult\u00e1ci\u00f3ban val\u00f3 r\u00e9szv\u00e9tel<\/li>\n<li>Adatv\u00e9delmi elj\u00e1r\u00e1sokban hat\u00f3s\u00e1g, b\u00edr\u00f3s\u00e1g el\u0151tti peres k\u00e9pviselet ell\u00e1t\u00e1sa<\/li>\n<li>Adatalanyok k\u00e9pviselete adatkezel\u0151kkel \u00e9s adatfeldolgoz\u00f3kkal szemben, kapcsol\u00f3d\u00f3 s\u00e9relemd\u00edj, k\u00e1rt\u00e9r\u00edt\u00e9si elj\u00e1r\u00e1sok, perek vitele<\/li>\n<\/ul>\n<\/ul>\n<p>&nbsp;<\/li>\n<\/ul>\n","protected":false},"excerpt":{"rendered":"<p>Teljes k\u00f6r\u0171 adatv\u00e9delmi, inform\u00e1ci\u00f3biztons\u00e1gi \u00e9s cybersecurity tan\u00e1csad\u00e1si szolg\u00e1ltat\u00e1sokat ny\u00fajtunk magyar, angol \u00e9s n\u00e9met nyelven, k\u00fcl\u00f6n\u00f6sen: \u00c1ltal\u00e1nos adatv\u00e9delmi tan\u00e1csad\u00e1s \u00c1ltal\u00e1nos adatv\u00e9delmi tan\u00e1csad\u00e1s, az adatv\u00e9delmi tisztvisel\u0151 munk\u00e1j\u00e1nak t\u00e1mogat\u00e1sa Adatv\u00e9delmi \u00e9s inform\u00e1ci\u00f3biztons\u00e1gi ir\u00e1ny\u00edt\u00e1si keretrendszer felm\u00e9r\u00e9se, kialak\u00edt\u00e1sa \u00e9s naprak\u00e9szen tart\u00e1sa, a kapcsol\u00f3d\u00f3 szervezeti funkci\u00f3k kialak\u00edt\u00e1sa Adatv\u00e9delmi \u00e9s inform\u00e1ci\u00f3biztons\u00e1gi szab\u00e1lyzatok kialak\u00edt\u00e1sa glob\u00e1lis multinacion\u00e1lis c\u00e9gekt\u0151l a start-upokig Adatmeg\u0151rz\u00e9si id\u0151k felm\u00e9r\u00e9se , [&hellip;]<\/p>\n","protected":false},"author":1,"featured_media":0,"parent":0,"menu_order":0,"comment_status":"closed","ping_status":"closed","template":"","meta":[],"_links":{"self":[{"href":"https:\/\/www.dataprivacy.hu\/index.php?rest_route=\/wp\/v2\/pages\/1678"}],"collection":[{"href":"https:\/\/www.dataprivacy.hu\/index.php?rest_route=\/wp\/v2\/pages"}],"about":[{"href":"https:\/\/www.dataprivacy.hu\/index.php?rest_route=\/wp\/v2\/types\/page"}],"author":[{"embeddable":true,"href":"https:\/\/www.dataprivacy.hu\/index.php?rest_route=\/wp\/v2\/users\/1"}],"replies":[{"embeddable":true,"href":"https:\/\/www.dataprivacy.hu\/index.php?rest_route=%2Fwp%2Fv2%2Fcomments&post=1678"}],"version-history":[{"count":7,"href":"https:\/\/www.dataprivacy.hu\/index.php?rest_route=\/wp\/v2\/pages\/1678\/revisions"}],"predecessor-version":[{"id":1752,"href":"https:\/\/www.dataprivacy.hu\/index.php?rest_route=\/wp\/v2\/pages\/1678\/revisions\/1752"}],"wp:attachment":[{"href":"https:\/\/www.dataprivacy.hu\/index.php?rest_route=%2Fwp%2Fv2%2Fmedia&parent=1678"}],"curies":[{"name":"wp","href":"https:\/\/api.w.org\/{rel}","templated":true}]}}